{"id":29727,"date":"2024-04-19T15:24:06","date_gmt":"2024-04-19T13:24:06","guid":{"rendered":"https:\/\/victoretsalome.com\/?page_id=29727"},"modified":"2024-05-03T00:25:49","modified_gmt":"2024-05-02T22:25:49","slug":"vision","status":"publish","type":"page","link":"https:\/\/victoretsalome.com\/fr\/vision\/","title":{"rendered":"Notre vision"},"content":{"rendered":"<p>[et_pb_section fb_built=\u00a0\u00bb1&Prime; fullwidth=\u00a0\u00bbon\u00a0\u00bb next_background_color=\u00a0\u00bb#ffffff\u00a0\u00bb _builder_version=\u00a0\u00bb4.24.3&Prime; background_enable_color=\u00a0\u00bboff\u00a0\u00bb background_image=\u00a0\u00bbhttps:\/\/victoretsalome.com\/wp-content\/uploads\/2024\/04\/esaie-1.jpg\u00a0\u00bb background_position=\u00a0\u00bbtop_center\u00a0\u00bb bottom_divider_style=\u00a0\u00bbslant\u00a0\u00bb bottom_divider_flip=\u00a0\u00bbhorizontal\u00a0\u00bb animation_style=\u00a0\u00bbslide\u00a0\u00bb animation_direction=\u00a0\u00bbtop\u00a0\u00bb animation_intensity_slide=\u00a0\u00bb2%\u00a0\u00bb saved_tabs=\u00a0\u00bball\u00a0\u00bb global_colors_info=\u00a0\u00bb{}\u00a0\u00bb][et_pb_fullwidth_header title=\u00a0\u00bbNotre vision\u00a0\u00bb text_orientation=\u00a0\u00bbcenter\u00a0\u00bb background_overlay_color=\u00a0\u00bbrgba(26,49,96,0.92)\u00a0\u00bb _builder_version=\u00a0\u00bb4.25.0&Prime; title_font=\u00a0\u00bbBodoni Moda||on||||||\u00a0\u00bb title_font_size=\u00a0\u00bb71px\u00a0\u00bb title_line_height=\u00a0\u00bb1.5em\u00a0\u00bb content_font=\u00a0\u00bbLato||||||||\u00a0\u00bb content_line_height=\u00a0\u00bb1.8em\u00a0\u00bb subhead_font=\u00a0\u00bbLato|700|||||||\u00a0\u00bb subhead_font_size=\u00a0\u00bb25px\u00a0\u00bb subhead_line_height=\u00a0\u00bb1.5em\u00a0\u00bb background_enable_color=\u00a0\u00bboff\u00a0\u00bb background_enable_image=\u00a0\u00bboff\u00a0\u00bb custom_margin=\u00a0\u00bb|||\u00a0\u00bb custom_padding=\u00a0\u00bb4vw||127px||false|\u00a0\u00bb title_font_size_tablet=\u00a0\u00bb36px\u00a0\u00bb title_font_size_phone=\u00a0\u00bb49px\u00a0\u00bb title_font_size_last_edited=\u00a0\u00bbon|phone\u00a0\u00bb global_colors_info=\u00a0\u00bb{}\u00a0\u00bb button_one_text_size__hover_enabled=\u00a0\u00bboff\u00a0\u00bb button_two_text_size__hover_enabled=\u00a0\u00bboff\u00a0\u00bb button_one_text_color__hover_enabled=\u00a0\u00bboff\u00a0\u00bb button_two_text_color__hover_enabled=\u00a0\u00bboff\u00a0\u00bb button_one_border_width__hover_enabled=\u00a0\u00bboff\u00a0\u00bb button_two_border_width__hover_enabled=\u00a0\u00bboff\u00a0\u00bb button_one_border_color__hover_enabled=\u00a0\u00bboff\u00a0\u00bb button_two_border_color__hover_enabled=\u00a0\u00bboff\u00a0\u00bb button_one_border_radius__hover_enabled=\u00a0\u00bboff\u00a0\u00bb button_two_border_radius__hover_enabled=\u00a0\u00bboff\u00a0\u00bb button_one_letter_spacing__hover_enabled=\u00a0\u00bboff\u00a0\u00bb button_two_letter_spacing__hover_enabled=\u00a0\u00bboff\u00a0\u00bb button_one_bg_color__hover_enabled=\u00a0\u00bboff\u00a0\u00bb button_two_bg_color__hover_enabled=\u00a0\u00bboff\u00a0\u00bb][\/et_pb_fullwidth_header][\/et_pb_section][et_pb_section fb_built=\u00a0\u00bb1&Prime; _builder_version=\u00a0\u00bb4.24.3&Prime; _module_preset=\u00a0\u00bbdefault\u00a0\u00bb custom_padding=\u00a0\u00bb48px||0px|||\u00a0\u00bb global_colors_info=\u00a0\u00bb{}\u00a0\u00bb][et_pb_row _builder_version=\u00a0\u00bb4.24.3&Prime; _module_preset=\u00a0\u00bbdefault\u00a0\u00bb custom_padding=\u00a0\u00bb1px||69px|||\u00a0\u00bb global_colors_info=\u00a0\u00bb{}\u00a0\u00bb][et_pb_column type=\u00a0\u00bb4_4&Prime; _builder_version=\u00a0\u00bb4.24.3&Prime; _module_preset=\u00a0\u00bbdefault\u00a0\u00bb global_colors_info=\u00a0\u00bb{}\u00a0\u00bb][et_pb_text _builder_version=\u00a0\u00bb4.25.0&Prime; _module_preset=\u00a0\u00bbdefault\u00a0\u00bb header_font_size=\u00a0\u00bb42px\u00a0\u00bb custom_margin=\u00a0\u00bb-6px||7px|||\u00a0\u00bb custom_padding=\u00a0\u00bb||0px|||\u00a0\u00bb header_font_size_tablet=\u00a0\u00bb42px\u00a0\u00bb header_font_size_phone=\u00a0\u00bb30px\u00a0\u00bb header_font_size_last_edited=\u00a0\u00bbon|desktop\u00a0\u00bb global_colors_info=\u00a0\u00bb{}\u00a0\u00bb]<\/p>\n<h1>Notre vision<\/h1>\n<p>[\/et_pb_text][et_pb_text _builder_version=\u00a0\u00bb4.25.0&Prime; _module_preset=\u00a0\u00bbdefault\u00a0\u00bb custom_margin=\u00a0\u00bb-6px||48px|||\u00a0\u00bb hover_enabled=\u00a0\u00bb0&Prime; global_colors_info=\u00a0\u00bb{}\u00a0\u00bb sticky_enabled=\u00a0\u00bb0&Prime;]<\/p>\n<p>Nous souhaitons voir des enfants pleinement en vie, qui porteront du fruit aujourd\u2019hui<br \/>et de g\u00e9n\u00e9ration en g\u00e9n\u00e9ration.<\/p>\n<p>[\/et_pb_text][et_pb_text _builder_version=\u00a0\u00bb4.25.0&Prime; _module_preset=\u00a0\u00bbdefault\u00a0\u00bb header_font_size=\u00a0\u00bb42px\u00a0\u00bb custom_margin=\u00a0\u00bb-6px||11px|||\u00a0\u00bb custom_padding=\u00a0\u00bb||0px|||\u00a0\u00bb header_font_size_tablet=\u00a0\u00bb42px\u00a0\u00bb header_font_size_phone=\u00a0\u00bb30px\u00a0\u00bb header_font_size_last_edited=\u00a0\u00bbon|desktop\u00a0\u00bb global_colors_info=\u00a0\u00bb{}\u00a0\u00bb]<\/p>\n<h1>Notre vocation<\/h1>\n<p>[\/et_pb_text][et_pb_text _builder_version=\u00a0\u00bb4.25.0&Prime; _module_preset=\u00a0\u00bbdefault\u00a0\u00bb custom_margin=\u00a0\u00bb-6px||48px|||\u00a0\u00bb hover_enabled=\u00a0\u00bb0&Prime; global_colors_info=\u00a0\u00bb{}\u00a0\u00bb sticky_enabled=\u00a0\u00bb0&Prime;]<\/p>\n<p>\u00c9quiper et accompagner des enfants au sein d\u2019un cadre solide, s\u00e9curisant et lib\u00e9rateur.<\/p>\n<p>[\/et_pb_text][et_pb_text _builder_version=\u00a0\u00bb4.25.0&Prime; _module_preset=\u00a0\u00bbdefault\u00a0\u00bb header_font_size=\u00a0\u00bb42px\u00a0\u00bb custom_margin=\u00a0\u00bb-6px||13px|||\u00a0\u00bb header_font_size_tablet=\u00a0\u00bb42px\u00a0\u00bb header_font_size_phone=\u00a0\u00bb30px\u00a0\u00bb header_font_size_last_edited=\u00a0\u00bbon|desktop\u00a0\u00bb global_colors_info=\u00a0\u00bb{}\u00a0\u00bb]<\/p>\n<h1>Mise en \u0153uvre<\/h1>\n<p>[\/et_pb_text][et_pb_text _builder_version=\u00a0\u00bb4.24.3&Prime; _module_preset=\u00a0\u00bbdefault\u00a0\u00bb custom_margin=\u00a0\u00bb-6px||48px|||\u00a0\u00bb global_colors_info=\u00a0\u00bb{}\u00a0\u00bb]<\/p>\n<p>Nous mettons en \u0153uvre notre vocation autour de <strong>quatre piliers<\/strong>\u00a0:<\/p>\n<p>[\/et_pb_text][et_pb_text _builder_version=\u00a0\u00bb4.25.0&Prime; _module_preset=\u00a0\u00bbdefault\u00a0\u00bb text_text_color=\u00a0\u00bb#e73e01&Prime; background_layout=\u00a0\u00bbdark\u00a0\u00bb custom_margin=\u00a0\u00bb-20px||-5px|||\u00a0\u00bb custom_padding=\u00a0\u00bb||18px|||\u00a0\u00bb hover_enabled=\u00a0\u00bb0&Prime; global_colors_info=\u00a0\u00bb{}\u00a0\u00bb sticky_enabled=\u00a0\u00bb0&Prime;]<\/p>\n<p>Une nourriture consistante<\/p>\n<p>[\/et_pb_text][et_pb_text _builder_version=\u00a0\u00bb4.25.0&Prime; _module_preset=\u00a0\u00bbdefault\u00a0\u00bb custom_margin=\u00a0\u00bb-17px||-5px|||\u00a0\u00bb custom_padding=\u00a0\u00bb||49px|||\u00a0\u00bb global_colors_info=\u00a0\u00bb{}\u00a0\u00bb]<\/p>\n<p class=\"p1\" style=\"padding-left: 40px;\">\u2666 Qui transmet la culture classique : le beau, le bon, le vrai<br \/>\u2666 Qui r\u00e9pond aux diff\u00e9rents besoins de la personne : intellectuel, \u00e9motionnel, relationnel et spirituel<br \/>\u2666 Qui permet de d\u00e9velopper les intelligences, l\u2019intentionnalit\u00e9, le discernement.<\/p>\n<p>[\/et_pb_text][et_pb_text _builder_version=\u00a0\u00bb4.25.0&Prime; _module_preset=\u00a0\u00bbdefault\u00a0\u00bb text_text_color=\u00a0\u00bb#e73e01&Prime; background_layout=\u00a0\u00bbdark\u00a0\u00bb custom_margin=\u00a0\u00bb-20px||-5px|||\u00a0\u00bb custom_padding=\u00a0\u00bb||20px|||\u00a0\u00bb global_colors_info=\u00a0\u00bb{}\u00a0\u00bb]<\/p>\n<p>Une atmosph\u00e8re d&rsquo;apprentissage vivante<\/p>\n<p>[\/et_pb_text][et_pb_text _builder_version=\u00a0\u00bb4.25.0&Prime; _module_preset=\u00a0\u00bbdefault\u00a0\u00bb custom_margin=\u00a0\u00bb-17px||-5px|||\u00a0\u00bb custom_padding=\u00a0\u00bb0px||49px|||\u00a0\u00bb global_colors_info=\u00a0\u00bb{}\u00a0\u00bb]<\/p>\n<p class=\"p1\" style=\"padding-left: 40px;\"><span class=\"s1\">\u2666<\/span> Qui invite \u00e0 l\u2019exploration et \u00e0 l\u2019exp\u00e9rimentation<br \/><span class=\"s1\">\u2666<\/span> Qui offre de la mati\u00e8re \u00e0 r\u00e9flexion<br \/><span class=\"s1\">\u2666<\/span> Qui invite l\u2019enfant \u00e0 \u00eatre acteur de ses apprentissages, tout en \u00e9tant guid\u00e9 par les adultes.<\/p>\n<p>[\/et_pb_text][et_pb_text _builder_version=\u00a0\u00bb4.25.0&Prime; _module_preset=\u00a0\u00bbdefault\u00a0\u00bb text_text_color=\u00a0\u00bb#e73e01&Prime; custom_margin=\u00a0\u00bb-16px||9px|||\u00a0\u00bb custom_padding=\u00a0\u00bb||18px|||\u00a0\u00bb global_colors_info=\u00a0\u00bb{}\u00a0\u00bb]<\/p>\n<p>Des relations harmonieuses et porteuses de vie<\/p>\n<p>[\/et_pb_text][et_pb_text _builder_version=\u00a0\u00bb4.25.0&Prime; _module_preset=\u00a0\u00bbdefault\u00a0\u00bb custom_margin=\u00a0\u00bb-25px||9px|||\u00a0\u00bb custom_padding=\u00a0\u00bb||48px|||\u00a0\u00bb global_colors_info=\u00a0\u00bb{}\u00a0\u00bb]<\/p>\n<p class=\"p1\" style=\"padding-left: 40px;\">\u2666 Avec les enfants, les enseignants, les parents<br \/>\u2666 Avec la nature et la soci\u00e9t\u00e9<br \/>\u2666 Dans un esprit de filiation, par l\u2019implication des parents (et grands-parents)<br \/>\u2666 Avec des personnes aux croyances et positions diff\u00e9rentes<\/p>\n<p>[\/et_pb_text][et_pb_text _builder_version=\u00a0\u00bb4.25.0&Prime; _module_preset=\u00a0\u00bbdefault\u00a0\u00bb text_text_color=\u00a0\u00bb#e73e01&Prime; custom_margin=\u00a0\u00bb-19px||30px|||\u00a0\u00bb custom_padding=\u00a0\u00bb||0px|||\u00a0\u00bb global_colors_info=\u00a0\u00bb{}\u00a0\u00bb]<\/p>\n<p>La nature comme lieu de vie et d\u2019apprentissage<\/p>\n<p>[\/et_pb_text][et_pb_text _builder_version=\u00a0\u00bb4.25.0&Prime; _module_preset=\u00a0\u00bbdefault\u00a0\u00bb custom_margin=\u00a0\u00bb-24px||48px|||\u00a0\u00bb custom_padding=\u00a0\u00bb||0px|||\u00a0\u00bb global_colors_info=\u00a0\u00bb{}\u00a0\u00bb]<\/p>\n<p class=\"p1\" style=\"padding-left: 40px;\">\u2666 Un lieu d\u2019apprentissage, de d\u00e9couverte et d\u2019exploration infinies<br \/>\u2666 Un lieu de beaut\u00e9 propice \u00e0 l\u2019\u00e9merveillement<br \/>\u2666 Un lieu apaisant et ressour\u00e7ant<br \/>\u2666 Un lieu qui d\u00e9veloppe la responsabilit\u00e9 : un lieu \u00e0 garder et \u00e0 cultiver.<\/p>\n<p>[\/et_pb_text][et_pb_text _builder_version=\u00a0\u00bb4.25.0&Prime; _module_preset=\u00a0\u00bbdefault\u00a0\u00bb header_font_size=\u00a0\u00bb42px\u00a0\u00bb custom_margin=\u00a0\u00bb40px||-1px|||\u00a0\u00bb custom_padding=\u00a0\u00bb||6px|||\u00a0\u00bb header_font_size_tablet=\u00a0\u00bb42px\u00a0\u00bb header_font_size_phone=\u00a0\u00bb30px\u00a0\u00bb header_font_size_last_edited=\u00a0\u00bbon|phone\u00a0\u00bb global_colors_info=\u00a0\u00bb{}\u00a0\u00bb]<\/p>\n<h1>Le nom de l\u2019\u00e9cole\u00a0: Victor &amp; Salom\u00e9<\/h1>\n<p>[\/et_pb_text][et_pb_text _builder_version=\u00a0\u00bb4.24.3&Prime; _module_preset=\u00a0\u00bbdefault\u00a0\u00bb global_colors_info=\u00a0\u00bb{}\u00a0\u00bb]<\/p>\n<p>Victor et Salom\u00e9 sont des pr\u00e9noms qui pourraient \u00eatre donn\u00e9s \u00e0 des enfants d\u2019aujourd\u2019hui\u00a0: chacun est bienvenu dans l\u2019\u00e9cole. Il y a un pr\u00e9nom de fille et un pr\u00e9nom de gar\u00e7on, l\u2019esperluette \u00ab\u00a0&amp;\u00a0\u00bb repr\u00e9sente le fait qu\u2019ils sont en relation l\u2019un avec l\u2019autre.<\/p>\n<p>Victor, qui signifie \u00ab\u00a0vaincre\u00a0\u00bb ou \u00ab\u00a0victoire\u00a0\u00bb, repr\u00e9sente pour nous le fait qu\u2019il y a toujours un chemin possible, avec une victoire \u00e0 l\u2019issue. Aucun enfant n\u2019a trop de difficult\u00e9s, aucun enfant n\u2019est vou\u00e9 \u00e0 l\u2019\u00e9chec, il n\u2019y a pas d\u2019impasse d\u00e9finitive. Le chemin peut \u00eatre long et impliquer endurance, pers\u00e9v\u00e9rance, cr\u00e9ativit\u00e9, mais il y a toujours une lumi\u00e8re au bout du tunnel.<\/p>\n<p>Salom\u00e9, qui signifie \u00ab\u00a0paix\u00a0\u00bb ou \u00ab\u00a0pl\u00e9nitude\u00a0\u00bb, repr\u00e9sente l\u2019atmosph\u00e8re que nous souhaitons offrir \u00e0 l\u2019\u00e9cole. Les enfants ont besoin d\u2019un environnement paisible pour apprendre et s\u2019\u00e9panouir. Cela ne signifie pas qu\u2019il n\u2019y aura jamais de contraintes ou de conflits, mais la fa\u00e7on dont ils seront abord\u00e9s donnera aux enfants de se savoir en s\u00e9curit\u00e9.<\/p>\n<p>[\/et_pb_text][et_pb_image src=\u00a0\u00bbhttps:\/\/victoretsalome.com\/wp-content\/uploads\/2024\/04\/torsten-dederichs-XRcEsQKTWGk-unsplash-scaled.jpg\u00a0\u00bb title_text=\u00a0\u00bbEnfants-7&Prime; _builder_version=\u00a0\u00bb4.24.3&Prime; _module_preset=\u00a0\u00bbdefault\u00a0\u00bb custom_margin=\u00a0\u00bb35px|||||\u00a0\u00bb global_colors_info=\u00a0\u00bb{}\u00a0\u00bb][\/et_pb_image][\/et_pb_column][\/et_pb_row][\/et_pb_section]<\/p>\n","protected":false},"excerpt":{"rendered":"<p>Notre visionNous souhaitons voir des enfants pleinement en vie, qui porteront du fruit aujourd\u2019huiet de g\u00e9n\u00e9ration en g\u00e9n\u00e9ration.Notre vocation\u00c9quiper et accompagner des enfants au sein d\u2019un cadre solide, s\u00e9curisant et lib\u00e9rateur.Mise en \u0153uvreNous mettons en \u0153uvre notre vocation autour de quatre piliers\u00a0:Une nourriture consistante\u2666 Qui transmet la culture classique : le beau, le bon, le [&hellip;]<\/p>\n","protected":false},"author":1,"featured_media":0,"parent":0,"menu_order":0,"comment_status":"closed","ping_status":"closed","template":"","meta":{"_et_pb_use_builder":"on","_et_pb_old_content":"","_et_gb_content_width":"","footnotes":""},"class_list":["post-29727","page","type-page","status-publish","hentry"],"_links":{"self":[{"href":"https:\/\/victoretsalome.com\/fr\/wp-json\/wp\/v2\/pages\/29727","targetHints":{"allow":["GET"]}}],"collection":[{"href":"https:\/\/victoretsalome.com\/fr\/wp-json\/wp\/v2\/pages"}],"about":[{"href":"https:\/\/victoretsalome.com\/fr\/wp-json\/wp\/v2\/types\/page"}],"author":[{"embeddable":true,"href":"https:\/\/victoretsalome.com\/fr\/wp-json\/wp\/v2\/users\/1"}],"replies":[{"embeddable":true,"href":"https:\/\/victoretsalome.com\/fr\/wp-json\/wp\/v2\/comments?post=29727"}],"version-history":[{"count":59,"href":"https:\/\/victoretsalome.com\/fr\/wp-json\/wp\/v2\/pages\/29727\/revisions"}],"predecessor-version":[{"id":30238,"href":"https:\/\/victoretsalome.com\/fr\/wp-json\/wp\/v2\/pages\/29727\/revisions\/30238"}],"wp:attachment":[{"href":"https:\/\/victoretsalome.com\/fr\/wp-json\/wp\/v2\/media?parent=29727"}],"curies":[{"name":"wp","href":"https:\/\/api.w.org\/{rel}","templated":true}]}}