{"id":29382,"date":"2024-04-18T12:55:43","date_gmt":"2024-04-18T10:55:43","guid":{"rendered":"https:\/\/victoretsalome.com\/?page_id=29382"},"modified":"2024-05-03T15:25:25","modified_gmt":"2024-05-03T13:25:25","slug":"charlotte-mason","status":"publish","type":"page","link":"https:\/\/victoretsalome.com\/en\/charlotte-mason\/","title":{"rendered":"P\u00e9dagogie de Charlotte de Mason"},"content":{"rendered":"<p>[et_pb_section fb_built=\u00a0\u00bb1&Prime; fullwidth=\u00a0\u00bbon\u00a0\u00bb next_background_color=\u00a0\u00bb#ffffff\u00a0\u00bb _builder_version=\u00a0\u00bb4.24.3&Prime; background_enable_color=\u00a0\u00bboff\u00a0\u00bb background_image=\u00a0\u00bbhttps:\/\/victoretsalome.com\/wp-content\/uploads\/2024\/04\/lmr6goty9my.jpg\u00a0\u00bb bottom_divider_style=\u00a0\u00bbslant\u00a0\u00bb bottom_divider_flip=\u00a0\u00bbhorizontal\u00a0\u00bb animation_style=\u00a0\u00bbslide\u00a0\u00bb animation_direction=\u00a0\u00bbtop\u00a0\u00bb animation_intensity_slide=\u00a0\u00bb2%\u00a0\u00bb saved_tabs=\u00a0\u00bball\u00a0\u00bb global_colors_info=\u00a0\u00bb{}\u00a0\u00bb][et_pb_fullwidth_header title=\u00a0\u00bbP\u00e9dagogie de Charlotte Mason\u00a0\u00bb text_orientation=\u00a0\u00bbcenter\u00a0\u00bb background_overlay_color=\u00a0\u00bbrgba(0,0,0,0.29)\u00a0\u00bb _builder_version=\u00a0\u00bb4.25.0&Prime; title_font=\u00a0\u00bbBodoni Moda||on||||||\u00a0\u00bb title_font_size=\u00a0\u00bb53px\u00a0\u00bb title_line_height=\u00a0\u00bb1.2em\u00a0\u00bb content_font=\u00a0\u00bbLato||||||||\u00a0\u00bb content_line_height=\u00a0\u00bb1.8em\u00a0\u00bb subhead_font=\u00a0\u00bbLato|700|||||||\u00a0\u00bb subhead_font_size=\u00a0\u00bb25px\u00a0\u00bb subhead_line_height=\u00a0\u00bb1.5em\u00a0\u00bb background_enable_color=\u00a0\u00bboff\u00a0\u00bb background_enable_image=\u00a0\u00bboff\u00a0\u00bb custom_margin=\u00a0\u00bb|||\u00a0\u00bb custom_padding=\u00a0\u00bb4vw||127px||false|\u00a0\u00bb hover_enabled=\u00a0\u00bb0&Prime; title_font_size_tablet=\u00a0\u00bb36px\u00a0\u00bb title_font_size_phone=\u00a0\u00bb35px\u00a0\u00bb title_font_size_last_edited=\u00a0\u00bbon|phone\u00a0\u00bb global_colors_info=\u00a0\u00bb{}\u00a0\u00bb button_one_text_size__hover_enabled=\u00a0\u00bboff\u00a0\u00bb button_two_text_size__hover_enabled=\u00a0\u00bboff\u00a0\u00bb button_one_text_color__hover_enabled=\u00a0\u00bboff\u00a0\u00bb button_two_text_color__hover_enabled=\u00a0\u00bboff\u00a0\u00bb button_one_border_width__hover_enabled=\u00a0\u00bboff\u00a0\u00bb button_two_border_width__hover_enabled=\u00a0\u00bboff\u00a0\u00bb button_one_border_color__hover_enabled=\u00a0\u00bboff\u00a0\u00bb button_two_border_color__hover_enabled=\u00a0\u00bboff\u00a0\u00bb button_one_border_radius__hover_enabled=\u00a0\u00bboff\u00a0\u00bb button_two_border_radius__hover_enabled=\u00a0\u00bboff\u00a0\u00bb button_one_letter_spacing__hover_enabled=\u00a0\u00bboff\u00a0\u00bb button_two_letter_spacing__hover_enabled=\u00a0\u00bboff\u00a0\u00bb button_one_bg_color__hover_enabled=\u00a0\u00bboff\u00a0\u00bb button_two_bg_color__hover_enabled=\u00a0\u00bboff\u00a0\u00bb sticky_enabled=\u00a0\u00bb0&Prime;][\/et_pb_fullwidth_header][\/et_pb_section][et_pb_section fb_built=\u00a0\u00bb1&Prime; _builder_version=\u00a0\u00bb4.24.3&Prime; _module_preset=\u00a0\u00bbdefault\u00a0\u00bb custom_margin=\u00a0\u00bb43px|||||\u00a0\u00bb custom_padding=\u00a0\u00bb1px||0px|||\u00a0\u00bb global_colors_info=\u00a0\u00bb{}\u00a0\u00bb][et_pb_row _builder_version=\u00a0\u00bb4.24.3&Prime; _module_preset=\u00a0\u00bbdefault\u00a0\u00bb custom_padding=\u00a0\u00bb0px|||||\u00a0\u00bb global_colors_info=\u00a0\u00bb{}\u00a0\u00bb][et_pb_column type=\u00a0\u00bb4_4&Prime; _builder_version=\u00a0\u00bb4.24.3&Prime; _module_preset=\u00a0\u00bbdefault\u00a0\u00bb global_colors_info=\u00a0\u00bb{}\u00a0\u00bb][et_pb_text _builder_version=\u00a0\u00bb4.25.0&Prime; _module_preset=\u00a0\u00bbdefault\u00a0\u00bb custom_margin=\u00a0\u00bb||44px|||\u00a0\u00bb text_font_size_tablet=\u00a0\u00bb\u00a0\u00bb text_font_size_phone=\u00a0\u00bb\u00a0\u00bb text_font_size_last_edited=\u00a0\u00bbon|phone\u00a0\u00bb global_colors_info=\u00a0\u00bb{}\u00a0\u00bb]<\/p>\n<p>Charlotte Mason \u00e9tait une p\u00e9dagogue britannique qui a beaucoup influenc\u00e9 les familles et les \u00e9coles au XIX<span style=\"font-size: small;\"><sup>\u00e8me<\/sup><\/span> si\u00e8cle. Sa p\u00e9dagogie a \u00e9t\u00e9 red\u00e9couverte par des am\u00e9ricains dans les ann\u00e9es 80 et elle se d\u00e9veloppe en France depuis quelques ann\u00e9es.<\/p>\n<p>[\/et_pb_text][et_pb_testimonial _builder_version=\u00a0\u00bb4.25.0&Prime; _module_preset=\u00a0\u00bbdefault\u00a0\u00bb body_font=\u00a0\u00bbBaskervville||||||||\u00a0\u00bb body_font_size=\u00a0\u00bb27px\u00a0\u00bb custom_margin=\u00a0\u00bb||44px|||\u00a0\u00bb hover_enabled=\u00a0\u00bb0&Prime; body_font_size_tablet=\u00a0\u00bb27px\u00a0\u00bb body_font_size_phone=\u00a0\u00bb21px\u00a0\u00bb body_font_size_last_edited=\u00a0\u00bbon|phone\u00a0\u00bb global_colors_info=\u00a0\u00bb{}\u00a0\u00bb sticky_enabled=\u00a0\u00bb0&Prime;]<\/p>\n<p>\u00ab\u00a0Les gens eux-m\u00eames commencent \u00e0 (\u2026) r\u00e9clamer une \u00e9ducation qui qualifiera leurs enfants pour la vie, plut\u00f4t que pour gagner leur vie. (\u2026) Le plus nous r\u00e9ussissons \u00e0 faire d\u2019un enfant une personne, le mieux il s\u2019\u00e9panouira et rendra service \u00e0 la soci\u00e9t\u00e9.\u00a0\u00bb Charlotte Mason, <em>Philosophie de l\u2019Education<\/em><\/p>\n<p>[\/et_pb_testimonial][et_pb_text _builder_version=\u00a0\u00bb4.25.0&Prime; _module_preset=\u00a0\u00bbdefault\u00a0\u00bb header_font_size=\u00a0\u00bb32px\u00a0\u00bb custom_margin=\u00a0\u00bb34px||1px|||\u00a0\u00bb custom_padding=\u00a0\u00bb||6px|||\u00a0\u00bb header_font_size_tablet=\u00a0\u00bb32px\u00a0\u00bb header_font_size_phone=\u00a0\u00bb30px\u00a0\u00bb header_font_size_last_edited=\u00a0\u00bbon|phone\u00a0\u00bb global_colors_info=\u00a0\u00bb{}\u00a0\u00bb]<\/p>\n<h1>Les enfants comme des personnes<\/h1>\n<p>[\/et_pb_text][et_pb_text _builder_version=\u00a0\u00bb4.25.0&Prime; _module_preset=\u00a0\u00bbdefault\u00a0\u00bb custom_margin=\u00a0\u00bb||12px|||\u00a0\u00bb text_font_size_tablet=\u00a0\u00bb\u00a0\u00bb text_font_size_phone=\u00a0\u00bb\u00a0\u00bb text_font_size_last_edited=\u00a0\u00bbon|phone\u00a0\u00bb global_colors_info=\u00a0\u00bb{}\u00a0\u00bb]<\/p>\n<p>Charlotte Mason insiste sur le respect des enfants. Cela implique notamment de les consid\u00e9rer dans leur unicit\u00e9, avec leur personnalit\u00e9 \u2013 leur valeur ne d\u00e9pendant pas de leur r\u00e9ussite ; ainsi que de respecter leur rythme et ce qui leur fait du bien pour grandir \u2013 des le\u00e7ons courtes et du temps pour le jeu libre, par exemple.<\/p>\n<p>[\/et_pb_text][et_pb_text _builder_version=\u00a0\u00bb4.25.0&Prime; _module_preset=\u00a0\u00bbdefault\u00a0\u00bb header_font_size=\u00a0\u00bb32px\u00a0\u00bb custom_margin=\u00a0\u00bb48px||1px|||\u00a0\u00bb custom_padding=\u00a0\u00bb||6px|||\u00a0\u00bb header_font_size_tablet=\u00a0\u00bb32px\u00a0\u00bb header_font_size_phone=\u00a0\u00bb30px\u00a0\u00bb header_font_size_last_edited=\u00a0\u00bbon|phone\u00a0\u00bb global_colors_info=\u00a0\u00bb{}\u00a0\u00bb]<\/p>\n<h1>Apprendre \u00e0 apprendre<\/h1>\n<p>[\/et_pb_text][et_pb_text _builder_version=\u00a0\u00bb4.24.3&Prime; _module_preset=\u00a0\u00bbdefault\u00a0\u00bb custom_margin=\u00a0\u00bb||12px|||\u00a0\u00bb global_colors_info=\u00a0\u00bb{}\u00a0\u00bb]<\/p>\n<p>Il s\u2019agit de cultiver \u2013 ou retrouver \u2013 la motivation intrins\u00e8que d\u2019apprendre \u00e0 travers l\u2019observation et l\u2019\u00e9merveillement devant la nature, l\u2019exploration de sujets qui int\u00e9ressent personnellement l\u2019enfant, l\u2019importance du sens \u00e0 donner \u00e0 toute chose. En cela, son approche rejoint celle de Maria Montessori.<\/p>\n<p>[\/et_pb_text][et_pb_text _builder_version=\u00a0\u00bb4.25.0&Prime; _module_preset=\u00a0\u00bbdefault\u00a0\u00bb header_font_size=\u00a0\u00bb32px\u00a0\u00bb custom_margin=\u00a0\u00bb48px||1px|||\u00a0\u00bb custom_padding=\u00a0\u00bb||6px|||\u00a0\u00bb global_colors_info=\u00a0\u00bb{}\u00a0\u00bb]<\/p>\n<h1>Des histoires<\/h1>\n<p>[\/et_pb_text][et_pb_text _builder_version=\u00a0\u00bb4.24.3&Prime; _module_preset=\u00a0\u00bbdefault\u00a0\u00bb custom_margin=\u00a0\u00bb||12px|||\u00a0\u00bb global_colors_info=\u00a0\u00bb{}\u00a0\u00bb]<\/p>\n<p>L\u2019enseignement selon Charlotte Mason passe essentiellement par des \u00ab\u00a0livres vivants\u00a0\u00bb (living books), qui contiennent des histoires riches, donnant mati\u00e8re \u00e0 r\u00e9flexion. L\u2019Histoire a \u00e9galement une grande place, elle est un des moyens de trouver du sens \u00e0 ce qui est \u00e9tudi\u00e9.<\/p>\n<p>[\/et_pb_text][et_pb_image src=\u00a0\u00bbhttps:\/\/victoretsalome.com\/wp-content\/uploads\/2024\/04\/naturemorte_Inspiration_Pascaline_V2-scaled.jpg\u00a0\u00bb title_text=\u00a0\u00bbnaturemorte_Inspiration_Pascaline_V2&Prime; _builder_version=\u00a0\u00bb4.24.3&Prime; _module_preset=\u00a0\u00bbdefault\u00a0\u00bb custom_margin=\u00a0\u00bb47px|||||\u00a0\u00bb global_colors_info=\u00a0\u00bb{}\u00a0\u00bb][\/et_pb_image][et_pb_text _builder_version=\u00a0\u00bb4.25.0&Prime; _module_preset=\u00a0\u00bbdefault\u00a0\u00bb header_font_size=\u00a0\u00bb32px\u00a0\u00bb custom_margin=\u00a0\u00bb48px||1px|||\u00a0\u00bb custom_padding=\u00a0\u00bb||6px|||\u00a0\u00bb header_font_size_tablet=\u00a0\u00bb32px\u00a0\u00bb header_font_size_phone=\u00a0\u00bb30px\u00a0\u00bb header_font_size_last_edited=\u00a0\u00bbon|phone\u00a0\u00bb global_colors_info=\u00a0\u00bb{}\u00a0\u00bb]<\/p>\n<h1>La relation<\/h1>\n<p>[\/et_pb_text][et_pb_text _builder_version=\u00a0\u00bb4.24.3&Prime; _module_preset=\u00a0\u00bbdefault\u00a0\u00bb custom_margin=\u00a0\u00bb||12px|||\u00a0\u00bb global_colors_info=\u00a0\u00bb{}\u00a0\u00bb]<\/p>\n<p>Charlotte Mason encourage \u00e0 construire des relations en toute situation, c\u2019est-\u00e0-dire en donnant l\u2019occasion \u00e0 l\u2019enfant d\u2019interagir personnellement avec ceux qu\u2019il rencontre\u00a0: l\u2019\u00e9ducateur et les autres enfants en premier, mais il se laisse aussi toucher par le personnage d\u2019un livre, un personnage historique ou encore un artiste. <\/p>\n<p>[\/et_pb_text][et_pb_text _builder_version=\u00a0\u00bb4.25.0&Prime; _module_preset=\u00a0\u00bbdefault\u00a0\u00bb header_font_size=\u00a0\u00bb32px\u00a0\u00bb custom_margin=\u00a0\u00bb48px||1px|||\u00a0\u00bb custom_padding=\u00a0\u00bb||6px|||\u00a0\u00bb header_font_size_tablet=\u00a0\u00bb32px\u00a0\u00bb header_font_size_phone=\u00a0\u00bb30px\u00a0\u00bb header_font_size_last_edited=\u00a0\u00bbon|phone\u00a0\u00bb global_colors_info=\u00a0\u00bb{}\u00a0\u00bb]<\/p>\n<h1>La narration<\/h1>\n<p>[\/et_pb_text][et_pb_text _builder_version=\u00a0\u00bb4.24.3&Prime; _module_preset=\u00a0\u00bbdefault\u00a0\u00bb custom_margin=\u00a0\u00bb||12px|||\u00a0\u00bb global_colors_info=\u00a0\u00bb{}\u00a0\u00bb]<\/p>\n<p>L\u2019exercice-type de la p\u00e9dagogie de Charlotte Mason est la narration. Il s\u2019agit pour l\u2019enfant, de dire avec ses mots \u2013 ou raconter \u2013 ce qu\u2019il a compris de ce qu\u2019il a lu ou entendu lire une fois. Il peut aussi raconter ce qui l\u2019a marqu\u00e9 ou ce qui le fait r\u00e9agir. Pendant les premi\u00e8res ann\u00e9es, cet exercice se fait \u00e0 l\u2019oral uniquement, puis l\u2019adulte \u00e9crit ce que l\u2019enfant dit et l\u2019enfant le recopie, puis l\u2019enfant \u00e9crit directement lui-m\u00eame. Avec la pratique de l\u2019attention, cela permet que l\u2019enfant retienne et raconte un contenu de plus en plus riche.<\/p>\n<p>[\/et_pb_text][et_pb_text _builder_version=\u00a0\u00bb4.25.0&Prime; _module_preset=\u00a0\u00bbdefault\u00a0\u00bb header_font_size=\u00a0\u00bb32px\u00a0\u00bb custom_margin=\u00a0\u00bb48px||1px|||\u00a0\u00bb custom_padding=\u00a0\u00bb||6px|||\u00a0\u00bb header_font_size_tablet=\u00a0\u00bb32px\u00a0\u00bb header_font_size_phone=\u00a0\u00bb30px\u00a0\u00bb header_font_size_last_edited=\u00a0\u00bbon|phone\u00a0\u00bb global_colors_info=\u00a0\u00bb{}\u00a0\u00bb]<\/p>\n<h1>La nature<\/h1>\n<p>[\/et_pb_text][et_pb_text _builder_version=\u00a0\u00bb4.24.3&Prime; _module_preset=\u00a0\u00bbdefault\u00a0\u00bb custom_margin=\u00a0\u00bb||12px|||\u00a0\u00bb global_colors_info=\u00a0\u00bb{}\u00a0\u00bb]<\/p>\n<p>Respirer l\u2019air frais pour un bon d\u00e9veloppement physique \u00e9tait une grande pr\u00e9occupation pour Charlotte Mason. Elle consid\u00e9rait qu\u2019il \u00e9tait important qu\u2019une grande partie du temps des enfants consiste \u00e0 \u00eatre dehors pour explorer, observer le vivant, jouer \u00e0 l\u2019air libre et restituer leurs d\u00e9couvertes dans un journal de la nature. Aujourd\u2019hui, observer la nature nous aide aussi \u00e0 nous poser int\u00e9rieurement. <\/p>\n<p>[\/et_pb_text][et_pb_text _builder_version=\u00a0\u00bb4.25.0&Prime; _module_preset=\u00a0\u00bbdefault\u00a0\u00bb header_font_size=\u00a0\u00bb32px\u00a0\u00bb custom_margin=\u00a0\u00bb48px||1px|||\u00a0\u00bb custom_padding=\u00a0\u00bb||6px|||\u00a0\u00bb header_font_size_tablet=\u00a0\u00bb32px\u00a0\u00bb header_font_size_phone=\u00a0\u00bb30px\u00a0\u00bb header_font_size_last_edited=\u00a0\u00bbon|phone\u00a0\u00bb global_colors_info=\u00a0\u00bb{}\u00a0\u00bb]<\/p>\n<h1>La beaut\u00e9<\/h1>\n<p>[\/et_pb_text][et_pb_text _builder_version=\u00a0\u00bb4.24.3&Prime; _module_preset=\u00a0\u00bbdefault\u00a0\u00bb custom_margin=\u00a0\u00bb||12px|||\u00a0\u00bb global_colors_info=\u00a0\u00bb{}\u00a0\u00bb]<\/p>\n<p>Chercher la beaut\u00e9 permet de nourrir l\u2019\u00e2me, en s\u2019entourant de belles choses ou en cherchant \u00e0 en r\u00e9aliser. Les \u00e9ducateurs sont ainsi encourag\u00e9s \u00e0 utiliser de beaux outils, de beaux mat\u00e9riaux pour le mobilier et \u00e0 offrir de beaux supports d\u2019apprentissage. Cela implique aussi de limiter tout ce qui est cat\u00e9goris\u00e9 comme \u00ab\u00a0enfantin\u00a0\u00bb. Les enfants sont ainsi plus facilement encourag\u00e9s \u00e0 rechercher la beaut\u00e9 dans ce qu\u2019ils produisent.<\/p>\n<p>[\/et_pb_text][et_pb_text _builder_version=\u00a0\u00bb4.25.0&Prime; _module_preset=\u00a0\u00bbdefault\u00a0\u00bb header_font_size=\u00a0\u00bb32px\u00a0\u00bb custom_margin=\u00a0\u00bb48px||1px|||\u00a0\u00bb custom_padding=\u00a0\u00bb||6px|||\u00a0\u00bb header_font_size_tablet=\u00a0\u00bb32px\u00a0\u00bb header_font_size_phone=\u00a0\u00bb30px\u00a0\u00bb header_font_size_last_edited=\u00a0\u00bbon|phone\u00a0\u00bb global_colors_info=\u00a0\u00bb{}\u00a0\u00bb]<\/p>\n<h1>Les \u00e9ducateurs comme mod\u00e8le<\/h1>\n<p>[\/et_pb_text][et_pb_text _builder_version=\u00a0\u00bb4.24.3&Prime; _module_preset=\u00a0\u00bbdefault\u00a0\u00bb custom_margin=\u00a0\u00bb||12px|||\u00a0\u00bb global_colors_info=\u00a0\u00bb{}\u00a0\u00bb]<\/p>\n<p>Charlotte Mason insiste sur l\u2019importance de \u00ab\u00a0mod\u00e9liser\u00a0\u00bb ce que nous souhaitons transmettre aux enfants. Par exemple, si nous souhaitons que les enfants lisent souvent ou qu\u2019ils tiennent un journal de d\u00e9couverte, elle nous invite \u00e0 faire de m\u00eame en tant qu\u2019adultes. Nous nous situons ainsi dans notre propre processus de d\u00e9couverte et d\u2019apprentissage et nous mod\u00e9lisons pour les enfants ce que nous attendons d\u2019eux.<\/p>\n<p>[\/et_pb_text][et_pb_text _builder_version=\u00a0\u00bb4.25.0&Prime; _module_preset=\u00a0\u00bbdefault\u00a0\u00bb header_font_size=\u00a0\u00bb32px\u00a0\u00bb custom_margin=\u00a0\u00bb48px||1px|||\u00a0\u00bb custom_padding=\u00a0\u00bb||6px|||\u00a0\u00bb global_colors_info=\u00a0\u00bb{}\u00a0\u00bb]<\/p>\n<h1>Le d\u00e9veloppement d\u2019une r\u00e9flexion et d\u2019une voix personnelles<\/h1>\n<p>[\/et_pb_text][et_pb_text _builder_version=\u00a0\u00bb4.24.3&Prime; _module_preset=\u00a0\u00bbdefault\u00a0\u00bb custom_margin=\u00a0\u00bb||12px|||\u00a0\u00bb global_colors_info=\u00a0\u00bb{}\u00a0\u00bb]<\/p>\n<p>Par toute sa philosophie de l\u2019\u00e9ducation, Charlotte Mason encourage la formation d\u2019une pens\u00e9e propre chez l\u2019enfant puis l\u2019adolescent. Ses m\u00e9thodes invitent \u00e0 s\u2019approprier personnellement les id\u00e9es, afin de pouvoir les articuler ensemble et les exprimer. Par exemple, parmi le \u00ab\u00a0festin d\u2019id\u00e9es vivantes\u00a0\u00bb pr\u00e9sent\u00e9 \u00e0 l\u2019enfant, celui-ci prend ce qui l\u2019int\u00e9resse et laisse le reste. Cette approche soutient la motivation intrins\u00e8que des enfants \u00e0 apprendre et leur donne l\u2019occasion de cultiver leur voix. Par la narration, ils racontent ce qu\u2019ils ont compris et non ce qui est pr\u00e9cis\u00e9ment attendu pour la le\u00e7on du jour. Avec le temps, il est attendu que l\u2019enfant retienne et restitue de plus en plus d\u2019informations \u00e0 chaque le\u00e7on. Ils apprennent ainsi \u00e0 exprimer les id\u00e9es qu\u2019ils se sont appropri\u00e9es.<\/p>\n<p>[\/et_pb_text][et_pb_text _builder_version=\u00a0\u00bb4.25.0&Prime; _module_preset=\u00a0\u00bbdefault\u00a0\u00bb custom_margin=\u00a0\u00bb48px||7px|||\u00a0\u00bb global_colors_info=\u00a0\u00bb{}\u00a0\u00bb]<\/p>\n<p><strong>Pour en savoir plus :<\/strong><\/p>\n<p>[\/et_pb_text][et_pb_text _builder_version=\u00a0\u00bb4.25.0&Prime; _module_preset=\u00a0\u00bbdefault\u00a0\u00bb custom_margin=\u00a0\u00bb-1px||12px|||\u00a0\u00bb custom_padding=\u00a0\u00bb|||0px||\u00a0\u00bb global_colors_info=\u00a0\u00bb{}\u00a0\u00bb]<\/p>\n<p class=\"p1\" style=\"padding-left: 40px;\"><span class=\"s1\"><b>\u2666<\/b><\/span><b> <\/b>Site de r\u00e9f\u00e9rence de la p\u00e9dagogie Charlotte Mason en fran\u00e7ais : <span style=\"text-decoration: underline; color: #000000;\"><a href=\"http:\/\/charlottemason.fr\" style=\"color: #000000; text-decoration: underline;\"><span class=\"s2\">charlottemason.fr<\/span><\/a><\/span><br \/><span class=\"s1\">\u2666<\/span> Site de r\u00e9f\u00e9rence de la p\u00e9dagogie Charlotte Mason en anglais : <span style=\"text-decoration: underline; color: #000000;\"><a href=\"http:\/\/www.amblesideschools.com\/\" style=\"color: #000000;\"><span class=\"s2\">amblesideschools.com<\/span><\/a><\/span><span style=\"color: #000000;\"><span class=\"s3\"> <\/span><\/span>(pour une vision d\u2019ensemble, voir les vid\u00e9os sur la m\u00e9thode)<br \/><span class=\"s1\">\u2666<\/span> Blog de Maeva Dauplay, leader du d\u00e9veloppement de la p\u00e9dagogie Charlotte Mason en France : <span style=\"text-decoration: underline; color: #000000;\"><a href=\"http:\/\/www.nosjoursdores.com\/\" style=\"color: #000000;\"><span class=\"s2\">nosjoursdores.com<\/span><\/a><\/span> \u2013 et notamment sa page \u00ab Par o\u00f9 commencer \u00bb<\/p>\n<p><strong>\u00a0<\/strong><\/p>\n<p>[\/et_pb_text][\/et_pb_column][\/et_pb_row][\/et_pb_section]<\/p>\n","protected":false},"excerpt":{"rendered":"<p>Charlotte Mason \u00e9tait une p\u00e9dagogue britannique qui a beaucoup influenc\u00e9 les familles et les \u00e9coles au XIX\u00e8me si\u00e8cle. Sa p\u00e9dagogie a \u00e9t\u00e9 red\u00e9couverte par des am\u00e9ricains dans les ann\u00e9es 80 et elle se d\u00e9veloppe en France depuis quelques ann\u00e9es.\u00a0\u00bbLes gens eux-m\u00eames commencent \u00e0 (\u2026) r\u00e9clamer une \u00e9ducation qui qualifiera leurs enfants pour la vie, plut\u00f4t [&hellip;]<\/p>\n","protected":false},"author":1,"featured_media":0,"parent":0,"menu_order":0,"comment_status":"closed","ping_status":"closed","template":"","meta":{"_et_pb_use_builder":"on","_et_pb_old_content":"","_et_gb_content_width":"","footnotes":""},"class_list":["post-29382","page","type-page","status-publish","hentry"],"_links":{"self":[{"href":"https:\/\/victoretsalome.com\/en\/wp-json\/wp\/v2\/pages\/29382","targetHints":{"allow":["GET"]}}],"collection":[{"href":"https:\/\/victoretsalome.com\/en\/wp-json\/wp\/v2\/pages"}],"about":[{"href":"https:\/\/victoretsalome.com\/en\/wp-json\/wp\/v2\/types\/page"}],"author":[{"embeddable":true,"href":"https:\/\/victoretsalome.com\/en\/wp-json\/wp\/v2\/users\/1"}],"replies":[{"embeddable":true,"href":"https:\/\/victoretsalome.com\/en\/wp-json\/wp\/v2\/comments?post=29382"}],"version-history":[{"count":33,"href":"https:\/\/victoretsalome.com\/en\/wp-json\/wp\/v2\/pages\/29382\/revisions"}],"predecessor-version":[{"id":30251,"href":"https:\/\/victoretsalome.com\/en\/wp-json\/wp\/v2\/pages\/29382\/revisions\/30251"}],"wp:attachment":[{"href":"https:\/\/victoretsalome.com\/en\/wp-json\/wp\/v2\/media?parent=29382"}],"curies":[{"name":"wp","href":"https:\/\/api.w.org\/{rel}","templated":true}]}}